{"id":9,"date":"2017-05-01T13:41:46","date_gmt":"2017-05-01T13:41:46","guid":{"rendered":"http:\/\/laislobatodermato.com.br\/?page_id=9"},"modified":"2023-05-29T20:18:09","modified_gmt":"2023-05-29T20:18:09","slug":"about-2","status":"publish","type":"page","link":"https:\/\/laislobatodermato.com.br\/?page_id=9","title":{"rendered":"Quem sou"},"content":{"rendered":"<p>[vc_row full_width=&#8221;stretch_row&#8221;][vc_column icons_position=&#8221;left&#8221;][vc_empty_space alter_height=&#8221;large&#8221; hide_on_mobile=&#8221;&#8221; css=&#8221;.vc_custom_1499434270419{margin-top: 1.25rem !important;}&#8221;]<div  id=\"sc_promo_1921004332\" \n\tclass=\"sc_promo color_style_default sc_promo_default sc_promo_size_normal sc_promo_image_position_left\"><div class=\"sc_promo_image\" style=\"background-image:url(https:\/\/laislobatodermato.com.br\/wp-content\/uploads\/2023\/05\/img-lais-quemsou.jpg);width:50%;left: 0;\"><\/div><div class=\"sc_promo_text\" style=\"width: 50%;float: right;\">\n\t\t\t<div class=\"sc_promo_text_inner sc_align_center sc_content_width_50%\" style=\" margin:2.6rem 0 3.5rem -7.75rem; background-image:url(https:\/\/laislobatodermato.com.br\/wp-content\/uploads\/2017\/07\/bg_3.jpg);\"><h2 class=\"sc_item_title sc_promo_title sc_align_center sc_item_title_style_default sc_item_title_tag\">Paix\u00e3o e cuidado<\/h2><div class=\"sc_item_descr sc_promo_descr sc_align_center\"><p>M\u00e9dica dermatologista, formada pela Universidade Federal do Amazonas, com resid\u00eancia em Dermatologia pela Funda\u00e7\u00e3o Alfredo da Matta e t\u00edtulo de Dermatologista pela Sociedade Brasileira de Dermatologia.<\/p>\n<p>T\u00edtulo de especialista pela Sociedade Brasileira de Dermatologia e pela Sociedade Brasileira de Cirurgia Dermatol\u00f3gica.<\/p>\n<p>O prazer em cuidar da pele das pessoas \u00e9 minha motiva\u00e7\u00e3o di\u00e1ria, por isso atendo com avalia\u00e7\u00f5es personalizadas, num ambiente pensado para oferecer aos pacientes as melhores e mais modernas op\u00e7\u00f5es de tratamento e uma experi\u00eancia dermatol\u00f3gica incr\u00edvel.<\/p>\n<\/div><div class=\"sc_item_button sc_item_button_default sc_promo_button sc_align_center sc_button_wrap sc_align_center\"><a href=\"https:\/\/api.whatsapp.com\/send?phone=5592982822050&#038;text=Ol%C3%A1,%20quero%20agendar%20uma%20consulta%20com%20Dra.%20La%C3%ADs!\" id=\"sc_button_1786075833\" class=\"sc_button color_style_default sc_button_default sc_button_size_normal sc_button_icon_left\"><span class=\"sc_button_text\"><span class=\"sc_button_title\">AGENDAR CONSULTA<\/span><\/span><!-- \/.sc_button_text --><\/a><!-- \/.sc_button --><\/div><!-- \/.sc_item_button sc_item_button_default sc_promo_button sc_align_center --><\/div>\n\t\t<\/div><!-- \/.sc_promo_text --><\/div><!-- \/.sc_promo -->[\/vc_column][\/vc_row][vc_row][vc_column icons_position=&#8221;left&#8221;][vc_empty_space alter_height=&#8221;large&#8221; hide_on_mobile=&#8221;&#8221; css=&#8221;.vc_custom_1499184584922{margin-top: 1.35rem !important;}&#8221;]<ul class=\"pinterest-container\" data-onclick=\"link_image\" data-itemwidth=\"340\" data-minwidth=\"\" data-offset=\"3\" data-outeroffset=\"\" data-id=\"978\" data-imagesload=\"off\"><li style='list-style:none;display:none'><a href='https:\/\/laislobatodermato.com.br\/wp-content\/uploads\/2023\/05\/quemsou1.jpg' class='lightbox-link' rel='cq-pinterst-9'><img src='https:\/\/laislobatodermato.com.br\/wp-content\/uploads\/2023\/05\/quemsou1-340x400.jpg' width='340' height='400' alt='' \/><\/a><\/li><li style='list-style:none;display:none'><a href='https:\/\/laislobatodermato.com.br\/wp-content\/uploads\/2023\/05\/quemsou2.jpg' class='lightbox-link' rel='cq-pinterst-9'><img src='https:\/\/laislobatodermato.com.br\/wp-content\/uploads\/2023\/05\/quemsou2-340x400.jpg' width='340' height='400' alt='' \/><\/a><\/li><li style='list-style:none;display:none'><a href='https:\/\/laislobatodermato.com.br\/wp-content\/uploads\/2023\/05\/quemsou3.jpg' class='lightbox-link' rel='cq-pinterst-9'><img src='https:\/\/laislobatodermato.com.br\/wp-content\/uploads\/2023\/05\/quemsou3-340x400.jpg' width='340' height='400' alt='' \/><\/a><\/li><\/ul>[vc_empty_space hide_on_mobile=&#8221;&#8221;][vc_empty_space hide_on_mobile=&#8221;&#8221;][vc_empty_space hide_on_mobile=&#8221;&#8221;][vc_empty_space hide_on_mobile=&#8221;&#8221;][vc_empty_space hide_on_mobile=&#8221;&#8221;][vc_empty_space hide_on_mobile=&#8221;&#8221;][vc_empty_space hide_on_mobile=&#8221;&#8221;][vc_empty_space hide_on_mobile=&#8221;&#8221;][\/vc_column][vc_column width=&#8221;1\/3&#8243; icons_position=&#8221;left&#8221;][vc_empty_space height=&#8221;62px&#8221; alter_height=&#8221;small&#8221; hide_on_mobile=&#8221;&#8221; css=&#8221;.vc_custom_1684876914351{margin-top: 0.8rem !important;}&#8221;][vc_empty_space height=&#8221;72px&#8221; alter_height=&#8221;small&#8221; hide_on_mobile=&#8221;&#8221; css=&#8221;.vc_custom_1684877024504{margin-top: 0.8rem !important;}&#8221;]<div id=\"sc_title_790702091\"\r\n\t\tclass=\"sc_title color_style_default sc_title_default\"><h6 class=\"sc_item_subtitle sc_title_subtitle sc_align_center sc_item_title_style_default\">Agendamento<\/h6><h3 class=\"sc_item_title sc_title_title sc_align_center sc_item_title_style_default sc_item_title_tag\">Consultas<\/h3><\/div><!-- \/.sc_title -->[vc_empty_space alter_height=&#8221;small&#8221; hide_on_mobile=&#8221;&#8221; css=&#8221;.vc_custom_1499182919714{margin-top: 0.8rem !important;}&#8221;][vc_column_text]<\/p>\n<p style=\"text-align: center;\"><big><span style=\"color: #807f89;\">Rua Salvador 440 &#8211; Edificio Soberane, Sala 1812 &#8211; Adrian\u00f3polis<\/span><\/big><br \/>\n<big><a href=\"mailto:laislobato.dermato@gmail.com\">laislobato.dermato@gmail.com<\/a><br \/>\n92 98282-2050 \/ 92 3611-1133<br \/>\n<\/big>[\/vc_column_text][\/vc_column][vc_column width=&#8221;1\/3&#8243; icons_position=&#8221;left&#8221; offset=&#8221;vc_hidden-lg vc_hidden-md vc_hidden-sm&#8221;][vc_empty_space alter_height=&#8221;large&#8221; hide_on_mobile=&#8221;&#8221;][\/vc_column][vc_column width=&#8221;1\/3&#8243; icons_position=&#8221;left&#8221; offset=&#8221;vc_hidden-lg vc_hidden-md vc_hidden-sm&#8221;][vc_empty_space alter_height=&#8221;large&#8221; hide_on_mobile=&#8221;&#8221;][\/vc_column][vc_column width=&#8221;1\/3&#8243; icons_position=&#8221;left&#8221;]<div id=\"sc_googlemap_387408304_wrap\" class=\"sc_googlemap_wrap\"><div id=\"sc_googlemap_387408304\"\r\n\t\t\tclass=\"sc_googlemap sc_googlemap_default\"\r\n\t\t\t style=\"width:100%;height:552px;\"\t\t\tdata-zoom=\"12\"\r\n\t\t\tdata-style=\"dark\"\r\n\t\t\tdata-cluster-icon=\"\"\r\n\t\t\t><iframe\r\n\t\t\t\t\tsrc=\"https:\/\/maps.google.com\/maps?t=m&output=embed&iwloc=near&z=12&q=Soberane+Live+%2B+Work%2C+R.+Salvador%2C+440+-+Adrian%C3%B3polis%2C+Manaus+-+AM%2C+69057-040\"\r\n\t\t\t\t\taria-label=\"\"><\/iframe><\/div><\/div><!-- \/.sc_googlemap_wrap -->[\/vc_column][vc_column width=&#8221;1\/3&#8243; icons_position=&#8221;left&#8221;][vc_empty_space height=&#8221;62px&#8221; hide_on_mobile=&#8221;&#8221;][vc_empty_space height=&#8221;30px&#8221; alter_height=&#8221;small&#8221; hide_on_mobile=&#8221;&#8221; css=&#8221;.vc_custom_1684876419374{margin-top: 1.4rem !important;}&#8221;]<div id=\"sc_title_335057703\"\r\n\t\tclass=\"sc_title color_style_default sc_title_default\"><h6 class=\"sc_item_subtitle sc_title_subtitle sc_align_center sc_item_title_style_default\">Envie um email<\/h6><h3 class=\"sc_item_title sc_title_title sc_align_center sc_item_title_style_default sc_item_title_tag\">Fale com a doutora<\/h3><\/div><!-- \/.sc_title -->[vc_empty_space height=&#8221;30px&#8221; alter_height=&#8221;small&#8221; hide_on_mobile=&#8221;&#8221; css=&#8221;.vc_custom_1684876419374{margin-top: 1.4rem !important;}&#8221;][vc_column_text]\n<div class=\"wpcf7 no-js\" id=\"wpcf7-f725-o1\" lang=\"en-US\" dir=\"ltr\" data-wpcf7-id=\"725\">\n<div class=\"screen-reader-response\"><p role=\"status\" aria-live=\"polite\" aria-atomic=\"true\"><\/p> <ul><\/ul><\/div>\n<form action=\"\/index.php?rest_route=%2Fwp%2Fv2%2Fpages%2F9#wpcf7-f725-o1\" method=\"post\" class=\"wpcf7-form init\" aria-label=\"Contact form\" novalidate=\"novalidate\" data-status=\"init\">\n<div style=\"display: none;\">\n<input type=\"hidden\" name=\"_wpcf7\" value=\"725\" \/>\n<input type=\"hidden\" name=\"_wpcf7_version\" value=\"6.0.6\" \/>\n<input type=\"hidden\" name=\"_wpcf7_locale\" value=\"en_US\" \/>\n<input type=\"hidden\" name=\"_wpcf7_unit_tag\" value=\"wpcf7-f725-o1\" \/>\n<input type=\"hidden\" name=\"_wpcf7_container_post\" value=\"0\" \/>\n<input type=\"hidden\" name=\"_wpcf7_posted_data_hash\" value=\"\" \/>\n<\/div>\n<div class=\"sc_form_details columns_wrap\">\n\t<div class=\"column-1_2\">\n\t\t<p><span class=\"wpcf7-form-control-wrap\" data-name=\"your-name\"><input size=\"40\" maxlength=\"400\" class=\"wpcf7-form-control wpcf7-text wpcf7-validates-as-required\" aria-required=\"true\" aria-invalid=\"false\" placeholder=\"Seu nome *\" value=\"\" type=\"text\" name=\"your-name\" \/><\/span>\n\t\t<\/p>\n\t<\/div>\n\t<div class=\"column-1_2\">\n\t\t<p><span class=\"wpcf7-form-control-wrap\" data-name=\"your-email\"><input size=\"40\" maxlength=\"400\" class=\"wpcf7-form-control wpcf7-email wpcf7-validates-as-required wpcf7-text wpcf7-validates-as-email\" aria-required=\"true\" aria-invalid=\"false\" placeholder=\"Seu email *\" value=\"\" type=\"email\" name=\"your-email\" \/><\/span>\n\t\t<\/p>\n\t<\/div>\n<\/div>\n<p><span class=\"wpcf7-form-control-wrap\" data-name=\"your-message\"><textarea cols=\"40\" rows=\"10\" maxlength=\"2000\" class=\"wpcf7-form-control wpcf7-textarea\" aria-invalid=\"false\" placeholder=\"Sua mensagem\" name=\"your-message\"><\/textarea><\/span>\n<\/p>\n<div class=\"sc_form_field sc_form_field_button sc_form_field_submit right\">\n\t<p><input class=\"wpcf7-form-control wpcf7-submit has-spinner\" type=\"submit\" value=\"ENVIAR MENSAGEM\" \/>\n\t<\/p>\n<\/div><div class=\"wpcf7-response-output\" aria-hidden=\"true\"><\/div>\n<\/form>\n<\/div>\n[\/vc_column_text][\/vc_column][vc_column icons_position=&#8221;left&#8221;][vc_empty_space alter_height=&#8221;large&#8221; hide_on_mobile=&#8221;&#8221; css=&#8221;.vc_custom_1499184661210{margin-top: 1.35rem !important;}&#8221;][\/vc_column][\/vc_row]<\/p>\n","protected":false},"excerpt":{"rendered":"<p>[vc_row full_width=&#8221;stretch_row&#8221;][vc_column icons_position=&#8221;left&#8221;][vc_empty_space alter_height=&#8221;large&#8221; hide_on_mobile=&#8221;&#8221; css=&#8221;.vc_custom_1499434270419{margin-top: 1.25rem !important;}&#8221;][\/vc_column][\/vc_row][vc_row][vc_column icons_position=&#8221;left&#8221;][vc_empty_space alter_height=&#8221;large&#8221; hide_on_mobile=&#8221;&#8221; css=&#8221;.vc_custom_1499184584922{margin-top: 1.35rem !important;}&#8221;][vc_empty_space hide_on_mobile=&#8221;&#8221;][vc_empty_space hide_on_mobile=&#8221;&#8221;][vc_empty_space hide_on_mobile=&#8221;&#8221;][vc_empty_space hide_on_mobile=&#8221;&#8221;][vc_empty_space hide_on_mobile=&#8221;&#8221;][vc_empty_space hide_on_mobile=&#8221;&#8221;][vc_empty_space hide_on_mobile=&#8221;&#8221;][vc_empty_space hide_on_mobile=&#8221;&#8221;][\/vc_column][vc_column width=&#8221;1\/3&#8243; icons_position=&#8221;left&#8221;][vc_empty_space height=&#8221;62px&#8221; alter_height=&#8221;small&#8221; hide_on_mobile=&#8221;&#8221; css=&#8221;.vc_custom_1684876914351{margin-top: 0.8rem !important;}&#8221;][vc_empty_space height=&#8221;72px&#8221; alter_height=&#8221;small&#8221; hide_on_mobile=&#8221;&#8221; css=&#8221;.vc_custom_1684877024504{margin-top: 0.8rem !important;}&#8221;][vc_empty_space alter_height=&#8221;small&#8221; hide_on_mobile=&#8221;&#8221; css=&#8221;.vc_custom_1499182919714{margin-top: 0.8rem !important;}&#8221;][vc_column_text] Rua Salvador 440 &#8211; Edificio Soberane, Sala 1812 &#8211; Adrian\u00f3polis laislobato.dermato@gmail.com 92 98282-2050 \/ 92 3611-1133 [\/vc_column_text][\/vc_column][vc_column width=&#8221;1\/3&#8243; icons_position=&#8221;left&#8221;&hellip;<\/p>\n","protected":false},"author":1,"featured_media":0,"parent":0,"menu_order":0,"comment_status":"closed","ping_status":"closed","template":"","meta":{"_joinchat":[],"footnotes":""},"class_list":["post-9","page","type-page","status-publish","hentry"],"aioseo_notices":[],"_links":{"self":[{"href":"https:\/\/laislobatodermato.com.br\/index.php?rest_route=\/wp\/v2\/pages\/9","targetHints":{"allow":["GET"]}}],"collection":[{"href":"https:\/\/laislobatodermato.com.br\/index.php?rest_route=\/wp\/v2\/pages"}],"about":[{"href":"https:\/\/laislobatodermato.com.br\/index.php?rest_route=\/wp\/v2\/types\/page"}],"author":[{"embeddable":true,"href":"https:\/\/laislobatodermato.com.br\/index.php?rest_route=\/wp\/v2\/users\/1"}],"replies":[{"embeddable":true,"href":"https:\/\/laislobatodermato.com.br\/index.php?rest_route=%2Fwp%2Fv2%2Fcomments&post=9"}],"version-history":[{"count":26,"href":"https:\/\/laislobatodermato.com.br\/index.php?rest_route=\/wp\/v2\/pages\/9\/revisions"}],"predecessor-version":[{"id":3981,"href":"https:\/\/laislobatodermato.com.br\/index.php?rest_route=\/wp\/v2\/pages\/9\/revisions\/3981"}],"wp:attachment":[{"href":"https:\/\/laislobatodermato.com.br\/index.php?rest_route=%2Fwp%2Fv2%2Fmedia&parent=9"}],"curies":[{"name":"wp","href":"https:\/\/api.w.org\/{rel}","templated":true}]}}